{"id":2118,"date":"2025-08-29T12:20:19","date_gmt":"2025-08-29T12:20:19","guid":{"rendered":"https:\/\/index.local.spacework.com.mx\/?post_type=product&#038;p=2118"},"modified":"2025-10-16T22:15:24","modified_gmt":"2025-10-16T22:15:24","slug":"playa-de-ensueno-decorado-ceramico-20x30-cm-kit-2-piezas","status":"publish","type":"product","link":"https:\/\/indexinternacional.com\/en\/product\/playa-de-ensueno-decorado-ceramico-20x30-cm-kit-2-piezas\/","title":{"rendered":"Ceramic Decorated Dream Beach 20\u00d730 cm - Kit 2 pieces"},"content":{"rendered":"<p>\u201cPlaya de Ensue\u00f1o\u201d aporta amplitud visual y serenidad a tus espacios. Cada kit contiene <strong data-start=\"3598\" data-end=\"3622\">2 piezas de 20\u00d730 cm<\/strong>, fabricadas en cer\u00e1mica de primera calidad para muros interiores. Superficie f\u00e1cil de limpiar y mantener.<br data-start=\"3728\" data-end=\"3731\" \/><strong data-start=\"3731\" data-end=\"3752\">Especificaciones:<\/strong> uso interior; 2 piezas por kit; 20\u00d730 cm por pieza; instalaci\u00f3n con adhesivo para cer\u00e1mica; limpieza con pa\u00f1o h\u00famedo. <em data-start=\"3871\" data-end=\"3897\">(Caja m\u00e1ster: 6 juegos.)<\/em><\/p>","protected":false},"excerpt":{"rendered":"<p>Decorado \u201cPlaya de Ensue\u00f1o\u201d para una atm\u00f3sfera luminosa y relajante en ba\u00f1os o cocinas. Kit 2\u00d7 (20\u00d730 cm). Cer\u00e1mica de alta calidad.<\/p>","protected":false},"featured_media":1958,"template":"","meta":{"_bst_post_transparent":"default","_bst_post_title":"","_bst_post_layout":"default","_bst_post_sidebar_id":"","_bst_post_content_style":"default","_bst_post_vertical_padding":"default","_bst_post_feature":"","_bst_post_feature_position":"","_bst_post_header":false,"_bst_post_footer":false},"product_brand":[130],"product_cat":[116],"product_tag":[134],"product_brands":[],"class_list":{"0":"post-2118","1":"product","2":"type-product","3":"status-publish","4":"has-post-thumbnail","6":"product_brand-vetro-index","7":"product_cat-decorado-ceramico","8":"product_tag-vetro-index","9":"pa_color_-decorado","11":"first","12":"instock","13":"shipping-taxable","14":"product-type-simple","15":"entry","16":"content-bg","17":"loop-entry"},"_links":{"self":[{"href":"https:\/\/indexinternacional.com\/en\/wp-json\/wp\/v2\/product\/2118","targetHints":{"allow":["GET"]}}],"collection":[{"href":"https:\/\/indexinternacional.com\/en\/wp-json\/wp\/v2\/product"}],"about":[{"href":"https:\/\/indexinternacional.com\/en\/wp-json\/wp\/v2\/types\/product"}],"version-history":[{"count":2,"href":"https:\/\/indexinternacional.com\/en\/wp-json\/wp\/v2\/product\/2118\/revisions"}],"predecessor-version":[{"id":2721,"href":"https:\/\/indexinternacional.com\/en\/wp-json\/wp\/v2\/product\/2118\/revisions\/2721"}],"wp:featuredmedia":[{"embeddable":true,"href":"https:\/\/indexinternacional.com\/en\/wp-json\/wp\/v2\/media\/1958"}],"wp:attachment":[{"href":"https:\/\/indexinternacional.com\/en\/wp-json\/wp\/v2\/media?parent=2118"}],"wp:term":[{"taxonomy":"product_brand","embeddable":true,"href":"https:\/\/indexinternacional.com\/en\/wp-json\/wp\/v2\/product_brand?post=2118"},{"taxonomy":"product_cat","embeddable":true,"href":"https:\/\/indexinternacional.com\/en\/wp-json\/wp\/v2\/product_cat?post=2118"},{"taxonomy":"product_tag","embeddable":true,"href":"https:\/\/indexinternacional.com\/en\/wp-json\/wp\/v2\/product_tag?post=2118"},{"taxonomy":"product_brands","embeddable":true,"href":"https:\/\/indexinternacional.com\/en\/wp-json\/wp\/v2\/product_brands?post=2118"}],"curies":[{"name":"wp","href":"https:\/\/api.w.org\/{rel}","templated":true}]}}