{"id":2117,"date":"2025-08-29T12:20:18","date_gmt":"2025-08-29T12:20:18","guid":{"rendered":"https:\/\/index.local.spacework.com.mx\/?post_type=product&#038;p=2117"},"modified":"2025-10-16T22:17:49","modified_gmt":"2025-10-16T22:17:49","slug":"estrella-de-mar-decorado-ceramico-20x30-cm-kit-2-piezas","status":"publish","type":"product","link":"https:\/\/indexinternacional.com\/en\/product\/estrella-de-mar-decorado-ceramico-20x30-cm-kit-2-piezas\/","title":{"rendered":"Starfish Decorated Ceramic 20\u00d730 cm - Kit 2 pieces"},"content":{"rendered":"<p>Crea un ambiente relajante con \u201cEstrella de Mar\u201d. Sus tonos suaves y tem\u00e1tica marina armonizan ba\u00f1os y zonas de lavabo, o secciones de cocina. El kit incluye <strong data-start=\"3008\" data-end=\"3042\">2 piezas cer\u00e1micas de 20\u00d730 cm<\/strong> cada una, resistentes y de limpieza sencilla.<br data-start=\"3088\" data-end=\"3091\" \/><strong data-start=\"3091\" data-end=\"3112\">Especificaciones:<\/strong> uso interior; 2 piezas por kit; 20\u00d730 cm por pieza; colocaci\u00f3n con adhesivo para cer\u00e1mica; limpieza con pa\u00f1o h\u00famedo. <em data-start=\"3230\" data-end=\"3256\">(Caja m\u00e1ster: 6 juegos.)<\/em><\/p>","protected":false},"excerpt":{"rendered":"<p>Decorado \u201cEstrella de Mar\u201d con inspiraci\u00f3n costera para ba\u00f1os y cocinas. Kit de 2 piezas 20\u00d730 cm. Cer\u00e1mica de primera calidad, f\u00e1cil de limpiar.<\/p>","protected":false},"featured_media":1965,"template":"","meta":{"_bst_post_transparent":"default","_bst_post_title":"","_bst_post_layout":"default","_bst_post_sidebar_id":"","_bst_post_content_style":"default","_bst_post_vertical_padding":"default","_bst_post_feature":"","_bst_post_feature_position":"","_bst_post_header":false,"_bst_post_footer":false},"product_brand":[130],"product_cat":[116],"product_tag":[134],"product_brands":[],"class_list":{"0":"post-2117","1":"product","2":"type-product","3":"status-publish","4":"has-post-thumbnail","6":"product_brand-vetro-index","7":"product_cat-decorado-ceramico","8":"product_tag-vetro-index","9":"pa_color_-decorado","11":"first","12":"instock","13":"shipping-taxable","14":"product-type-simple","15":"entry","16":"content-bg","17":"loop-entry"},"_links":{"self":[{"href":"https:\/\/indexinternacional.com\/en\/wp-json\/wp\/v2\/product\/2117","targetHints":{"allow":["GET"]}}],"collection":[{"href":"https:\/\/indexinternacional.com\/en\/wp-json\/wp\/v2\/product"}],"about":[{"href":"https:\/\/indexinternacional.com\/en\/wp-json\/wp\/v2\/types\/product"}],"version-history":[{"count":2,"href":"https:\/\/indexinternacional.com\/en\/wp-json\/wp\/v2\/product\/2117\/revisions"}],"predecessor-version":[{"id":2725,"href":"https:\/\/indexinternacional.com\/en\/wp-json\/wp\/v2\/product\/2117\/revisions\/2725"}],"wp:featuredmedia":[{"embeddable":true,"href":"https:\/\/indexinternacional.com\/en\/wp-json\/wp\/v2\/media\/1965"}],"wp:attachment":[{"href":"https:\/\/indexinternacional.com\/en\/wp-json\/wp\/v2\/media?parent=2117"}],"wp:term":[{"taxonomy":"product_brand","embeddable":true,"href":"https:\/\/indexinternacional.com\/en\/wp-json\/wp\/v2\/product_brand?post=2117"},{"taxonomy":"product_cat","embeddable":true,"href":"https:\/\/indexinternacional.com\/en\/wp-json\/wp\/v2\/product_cat?post=2117"},{"taxonomy":"product_tag","embeddable":true,"href":"https:\/\/indexinternacional.com\/en\/wp-json\/wp\/v2\/product_tag?post=2117"},{"taxonomy":"product_brands","embeddable":true,"href":"https:\/\/indexinternacional.com\/en\/wp-json\/wp\/v2\/product_brands?post=2117"}],"curies":[{"name":"wp","href":"https:\/\/api.w.org\/{rel}","templated":true}]}}