{"id":2116,"date":"2025-08-29T12:20:18","date_gmt":"2025-08-29T12:20:18","guid":{"rendered":"https:\/\/index.local.spacework.com.mx\/?post_type=product&#038;p=2116"},"modified":"2025-10-16T22:16:38","modified_gmt":"2025-10-16T22:16:38","slug":"chili-peppers-decorado-ceramico-20x30-cm-kit-2-piezas","status":"publish","type":"product","link":"https:\/\/www2.indexinternacional.com\/en\/product\/chili-peppers-decorado-ceramico-20x30-cm-kit-2-piezas\/","title":{"rendered":"Chili Peppers Decorated Ceramic 20\u00d730 cm - Kit 2 pieces"},"content":{"rendered":"<p>\u201cChili Peppers\u201d a\u00f1ade car\u00e1cter y calidez a tu cocina con un dise\u00f1o contempor\u00e1neo que destaca sin saturar. El kit integra <strong data-start=\"2258\" data-end=\"2282\">2 piezas de 20\u00d730 cm<\/strong> cada una; su cer\u00e1mica de calidad superior ofrece acabado uniforme, f\u00e1cil limpieza y gran durabilidad.<br data-start=\"2384\" data-end=\"2387\" \/><strong data-start=\"2387\" data-end=\"2408\">Especificaciones:<\/strong> uso interior; 2 piezas por kit; 20\u00d730 cm por pieza; instalaci\u00f3n con adhesivo para cer\u00e1mica sobre superficie nivelada; mantenimiento con pa\u00f1o h\u00famedo. <em data-start=\"2558\" data-end=\"2584\">(Caja m\u00e1ster: 6 juegos.)<\/em><\/p>","protected":false},"excerpt":{"rendered":"<p data-start=\"1939\" data-end=\"2111\">Decorado \u201cChili Peppers\u201d para un acento moderno y atrevido en backsplashes y muros de cocina. Kit de 2 piezas 20\u00d730 cm. Cer\u00e1mica de primera calidad.<\/p>\n<p data-start=\"2113\" data-end=\"2584\">","protected":false},"featured_media":1968,"template":"","meta":{"_bst_post_transparent":"default","_bst_post_title":"","_bst_post_layout":"default","_bst_post_sidebar_id":"","_bst_post_content_style":"default","_bst_post_vertical_padding":"default","_bst_post_feature":"","_bst_post_feature_position":"","_bst_post_header":false,"_bst_post_footer":false},"product_brand":[130],"product_cat":[116],"product_tag":[134],"product_brands":[],"class_list":{"0":"post-2116","1":"product","2":"type-product","3":"status-publish","4":"has-post-thumbnail","6":"product_brand-vetro-index","7":"product_cat-decorado-ceramico","8":"product_tag-vetro-index","9":"pa_color_-decorado","11":"first","12":"instock","13":"shipping-taxable","14":"product-type-simple","15":"entry","16":"content-bg","17":"loop-entry"},"_links":{"self":[{"href":"https:\/\/www2.indexinternacional.com\/en\/wp-json\/wp\/v2\/product\/2116","targetHints":{"allow":["GET"]}}],"collection":[{"href":"https:\/\/www2.indexinternacional.com\/en\/wp-json\/wp\/v2\/product"}],"about":[{"href":"https:\/\/www2.indexinternacional.com\/en\/wp-json\/wp\/v2\/types\/product"}],"version-history":[{"count":2,"href":"https:\/\/www2.indexinternacional.com\/en\/wp-json\/wp\/v2\/product\/2116\/revisions"}],"predecessor-version":[{"id":2723,"href":"https:\/\/www2.indexinternacional.com\/en\/wp-json\/wp\/v2\/product\/2116\/revisions\/2723"}],"wp:featuredmedia":[{"embeddable":true,"href":"https:\/\/www2.indexinternacional.com\/en\/wp-json\/wp\/v2\/media\/1968"}],"wp:attachment":[{"href":"https:\/\/www2.indexinternacional.com\/en\/wp-json\/wp\/v2\/media?parent=2116"}],"wp:term":[{"taxonomy":"product_brand","embeddable":true,"href":"https:\/\/www2.indexinternacional.com\/en\/wp-json\/wp\/v2\/product_brand?post=2116"},{"taxonomy":"product_cat","embeddable":true,"href":"https:\/\/www2.indexinternacional.com\/en\/wp-json\/wp\/v2\/product_cat?post=2116"},{"taxonomy":"product_tag","embeddable":true,"href":"https:\/\/www2.indexinternacional.com\/en\/wp-json\/wp\/v2\/product_tag?post=2116"},{"taxonomy":"product_brands","embeddable":true,"href":"https:\/\/www2.indexinternacional.com\/en\/wp-json\/wp\/v2\/product_brands?post=2116"}],"curies":[{"name":"wp","href":"https:\/\/api.w.org\/{rel}","templated":true}]}}