{"id":2104,"date":"2025-08-29T12:20:06","date_gmt":"2025-08-29T12:20:06","guid":{"rendered":"https:\/\/index.local.spacework.com.mx\/?post_type=product&#038;p=2104"},"modified":"2025-12-02T18:06:10","modified_gmt":"2025-12-02T18:06:10","slug":"2104","status":"publish","type":"product","link":"https:\/\/indexinternacional.com\/en\/product\/2104\/","title":{"rendered":"VIDRIO BLOCK AZUL COBALTO 19 x 19 x 8 CM"},"content":{"rendered":"<p>Vidrio block Index Internacional que permite el paso de la luz a trav\u00e9s de muros, paredes, techos y losas tanto en espacios de interior o exterior. De f\u00e1cil instalaci\u00f3n, excelente ahorrador de energ\u00eda, aislante t\u00e9rmico y ac\u00fastico, resistente a cambios de temperatura y con resistencia al impacto. Hecho de vidrio y con detalles a color azul cobalto en los laterales lo hacen una pieza decorativa. Sus dimensiones son 19 x 19 x 8 cm.<\/p>\n<p><img fetchpriority=\"high\" decoding=\"async\" class=\"aligncenter wp-image-3133 size-large\" src=\"https:\/\/index.local.spacework.com.mx\/wp-content\/uploads\/2025\/08\/132470-xm-1-307x1024.jpg\" alt=\"\" width=\"307\" height=\"1024\" srcset=\"https:\/\/indexinternacional.com\/wp-content\/uploads\/2025\/08\/132470-xm-1-307x1024.jpg 307w, https:\/\/indexinternacional.com\/wp-content\/uploads\/2025\/08\/132470-xm-1-90x300.jpg 90w, https:\/\/indexinternacional.com\/wp-content\/uploads\/2025\/08\/132470-xm-1-461x1536.jpg 461w, https:\/\/indexinternacional.com\/wp-content\/uploads\/2025\/08\/132470-xm-1-4x12.jpg 4w, https:\/\/indexinternacional.com\/wp-content\/uploads\/2025\/08\/132470-xm-1.jpg 600w\" sizes=\"(max-width: 307px) 100vw, 307px\" \/><\/p>","protected":false},"excerpt":{"rendered":"<div class=\"MuiBox-root jss721 sc-hLBbgP crFOJi sc-kxtuKG bGMrKQ\">\n<p class=\"MuiTypography-root sc-eDvSVe kBIVDt sc-gFmLcz fRHTBS MuiTypography-body1\">Vidrio block de color azul cobalto Index Internacional que permite la entrada de luz natural a cualquier espacio interior o exterior como ventanas, muros, losa, pisos y m\u00e1s. Sus medidas son 19 x 19 x 8 cm.<\/p>\n<\/div>","protected":false},"featured_media":1986,"template":"","meta":{"_bst_post_transparent":"default","_bst_post_title":"","_bst_post_layout":"default","_bst_post_sidebar_id":"","_bst_post_content_style":"default","_bst_post_vertical_padding":"default","_bst_post_feature":"","_bst_post_feature_position":"","_bst_post_header":false,"_bst_post_footer":false},"product_brand":[131],"product_cat":[275],"product_tag":[132],"product_brands":[],"class_list":{"0":"post-2104","1":"product","2":"type-product","3":"status-publish","4":"has-post-thumbnail","6":"product_brand-marca-seves","7":"product_cat-vidrio-block-color","8":"product_tag-marca-seves","9":"pa_color_-azul-cobalto","11":"first","12":"instock","13":"shipping-taxable","14":"product-type-simple","15":"entry","16":"content-bg","17":"loop-entry"},"_links":{"self":[{"href":"https:\/\/indexinternacional.com\/en\/wp-json\/wp\/v2\/product\/2104","targetHints":{"allow":["GET"]}}],"collection":[{"href":"https:\/\/indexinternacional.com\/en\/wp-json\/wp\/v2\/product"}],"about":[{"href":"https:\/\/indexinternacional.com\/en\/wp-json\/wp\/v2\/types\/product"}],"version-history":[{"count":8,"href":"https:\/\/indexinternacional.com\/en\/wp-json\/wp\/v2\/product\/2104\/revisions"}],"predecessor-version":[{"id":3134,"href":"https:\/\/indexinternacional.com\/en\/wp-json\/wp\/v2\/product\/2104\/revisions\/3134"}],"wp:featuredmedia":[{"embeddable":true,"href":"https:\/\/indexinternacional.com\/en\/wp-json\/wp\/v2\/media\/1986"}],"wp:attachment":[{"href":"https:\/\/indexinternacional.com\/en\/wp-json\/wp\/v2\/media?parent=2104"}],"wp:term":[{"taxonomy":"product_brand","embeddable":true,"href":"https:\/\/indexinternacional.com\/en\/wp-json\/wp\/v2\/product_brand?post=2104"},{"taxonomy":"product_cat","embeddable":true,"href":"https:\/\/indexinternacional.com\/en\/wp-json\/wp\/v2\/product_cat?post=2104"},{"taxonomy":"product_tag","embeddable":true,"href":"https:\/\/indexinternacional.com\/en\/wp-json\/wp\/v2\/product_tag?post=2104"},{"taxonomy":"product_brands","embeddable":true,"href":"https:\/\/indexinternacional.com\/en\/wp-json\/wp\/v2\/product_brands?post=2104"}],"curies":[{"name":"wp","href":"https:\/\/api.w.org\/{rel}","templated":true}]}}