{"id":2093,"date":"2025-08-29T12:19:51","date_gmt":"2025-08-29T12:19:51","guid":{"rendered":"https:\/\/index.local.spacework.com.mx\/?post_type=product&#038;p=2093"},"modified":"2025-11-12T00:49:19","modified_gmt":"2025-11-12T00:49:19","slug":"zoclo-aluminio-brush-champagne-8-x-240-cm","status":"publish","type":"product","link":"https:\/\/indexinternacional.com\/en\/product\/zoclo-aluminio-brush-champagne-8-x-240-cm\/","title":{"rendered":"ZOCLO ALUMINIO BRUSH CHAMPAGNE 8 X 240 CM"},"content":{"rendered":"<div class=\"MuiBox-root jss216 sc-hLBbgP grhUIe info-seccion-dos\">\n<div class=\"MuiBox-root jss217 sc-hLBbgP grhUIe\">\n<p class=\"MuiTypography-root sc-eDvSVe kBIVDt descripcion-informacion MuiTypography-body1\">Zoclo index internacional en aluminio color brush champagne de 240 cm de largo que brinda un acabado est\u00e9tico y moderno. Mantiene la base de los muros libre de manchas que se pueden generar al momento de trapear, encerar, etc. Protege la parte inferior de las paredes, es de f\u00e1cil instalaci\u00f3n y limpieza. Est\u00e1 fabricado en aluminio, brinda gran durabilidad y resistencia. Sus dimensiones de 8 x 240 cm permiten que se acople al dise\u00f1o de su proyecto.<\/p>\n<p><img fetchpriority=\"high\" decoding=\"async\" class=\"aligncenter wp-image-3048 size-large\" src=\"https:\/\/index.local.spacework.com.mx\/wp-content\/uploads\/2025\/08\/141783-xd-1-878x1024.jpg\" alt=\"\" width=\"878\" height=\"1024\" srcset=\"https:\/\/indexinternacional.com\/wp-content\/uploads\/2025\/08\/141783-xd-1-878x1024.jpg 878w, https:\/\/indexinternacional.com\/wp-content\/uploads\/2025\/08\/141783-xd-1-257x300.jpg 257w, https:\/\/indexinternacional.com\/wp-content\/uploads\/2025\/08\/141783-xd-1-768x896.jpg 768w, https:\/\/indexinternacional.com\/wp-content\/uploads\/2025\/08\/141783-xd-1-10x12.jpg 10w, https:\/\/indexinternacional.com\/wp-content\/uploads\/2025\/08\/141783-xd-1.jpg 1200w\" sizes=\"(max-width: 878px) 100vw, 878px\" \/><\/p>\n<\/div>\n<\/div>","protected":false},"excerpt":{"rendered":"<div class=\"MuiBox-root jss364 sc-hLBbgP grhUIe sc-kxtuKG bGMrKQ\">\n<p class=\"MuiTypography-root sc-eDvSVe kBIVDt sc-gFmLcz fRHTBS MuiTypography-body1\">Zoclo index en aluminio color brush champagne de 240 cm de largo que brinda un acabado est\u00e9tico y moderno. De f\u00e1cil instalaci\u00f3n, sus dimensiones de 8 x 240 cm permiten que se acople al dise\u00f1o de su proyecto.<\/p>\n<\/div>","protected":false},"featured_media":1672,"template":"","meta":{"_bst_post_transparent":"default","_bst_post_title":"","_bst_post_layout":"default","_bst_post_sidebar_id":"","_bst_post_content_style":"default","_bst_post_vertical_padding":"default","_bst_post_feature":"","_bst_post_feature_position":"","_bst_post_header":false,"_bst_post_footer":false},"product_brand":[106],"product_cat":[115],"product_tag":[133],"product_brands":[],"class_list":{"0":"post-2093","1":"product","2":"type-product","3":"status-publish","4":"has-post-thumbnail","6":"product_brand-index-internacional","7":"product_cat-zoclo-aluminio","8":"product_tag-index-internacional","9":"pa_color_-champagne","11":"first","12":"instock","13":"featured","14":"shipping-taxable","15":"product-type-simple","16":"entry","17":"content-bg","18":"loop-entry"},"_links":{"self":[{"href":"https:\/\/indexinternacional.com\/en\/wp-json\/wp\/v2\/product\/2093","targetHints":{"allow":["GET"]}}],"collection":[{"href":"https:\/\/indexinternacional.com\/en\/wp-json\/wp\/v2\/product"}],"about":[{"href":"https:\/\/indexinternacional.com\/en\/wp-json\/wp\/v2\/types\/product"}],"version-history":[{"count":4,"href":"https:\/\/indexinternacional.com\/en\/wp-json\/wp\/v2\/product\/2093\/revisions"}],"predecessor-version":[{"id":3049,"href":"https:\/\/indexinternacional.com\/en\/wp-json\/wp\/v2\/product\/2093\/revisions\/3049"}],"wp:featuredmedia":[{"embeddable":true,"href":"https:\/\/indexinternacional.com\/en\/wp-json\/wp\/v2\/media\/1672"}],"wp:attachment":[{"href":"https:\/\/indexinternacional.com\/en\/wp-json\/wp\/v2\/media?parent=2093"}],"wp:term":[{"taxonomy":"product_brand","embeddable":true,"href":"https:\/\/indexinternacional.com\/en\/wp-json\/wp\/v2\/product_brand?post=2093"},{"taxonomy":"product_cat","embeddable":true,"href":"https:\/\/indexinternacional.com\/en\/wp-json\/wp\/v2\/product_cat?post=2093"},{"taxonomy":"product_tag","embeddable":true,"href":"https:\/\/indexinternacional.com\/en\/wp-json\/wp\/v2\/product_tag?post=2093"},{"taxonomy":"product_brands","embeddable":true,"href":"https:\/\/indexinternacional.com\/en\/wp-json\/wp\/v2\/product_brands?post=2093"}],"curies":[{"name":"wp","href":"https:\/\/api.w.org\/{rel}","templated":true}]}}