{"id":2084,"date":"2025-08-29T12:19:37","date_gmt":"2025-08-29T12:19:37","guid":{"rendered":"https:\/\/index.local.spacework.com.mx\/?post_type=product&#038;p=2084"},"modified":"2025-10-28T22:23:29","modified_gmt":"2025-10-28T22:23:29","slug":"separador-universal-para-vidrioblock-de-8-y-10-cm-blanco-25-piezas","status":"publish","type":"product","link":"https:\/\/www2.indexinternacional.com\/en\/product\/separador-universal-para-vidrioblock-de-8-y-10-cm-blanco-25-piezas\/","title":{"rendered":"SEPARADOR UNIVERSAL PARA VIDRIOBLOCK DE 8 Y 10 CM BLANCO 25 PIEZAS"},"content":{"rendered":"<div class=\"MuiBox-root jss196 sc-hLBbgP grhUIe info-seccion-uno\">\n<div class=\"MuiBox-root jss267 sc-hLBbgP grhUIe\">\n<p class=\"MuiTypography-root sc-eDvSVe kBIVDt descripcion-informacion MuiTypography-body1\">Separador universal Index Internacional, ayuda en la unificaci\u00f3n de vidrioblock de 8 y 10 cm con mortero. Su dise\u00f1o brinda el espacio necesario entre las piezas para poder aplicar el adhesivo, mientras los sostiene en su lugar, debido a que puede colocarse en forma de T o L. Est\u00e1 elaborado en pl\u00e1stico blanco resistente, sus dimensiones son 7 x 7 x 6.7 cm. El empaque contiene 25 piezas.<\/p>\n<\/div>\n<\/div>\n<p>&nbsp;<\/p>","protected":false},"excerpt":{"rendered":"<div class=\"MuiBox-root jss286 sc-hLBbgP grhUIe sc-kxtuKG bGMrKQ\">\n<p class=\"MuiTypography-root sc-eDvSVe kBIVDt sc-gFmLcz fRHTBS MuiTypography-body1\">Separador universal Index Internacional, \u00fatil para uniformar la boquilla en la instalaci\u00f3n de vidrioblock de 8 y 10 cm con cemento. Est\u00e1 elaborado en pl\u00e1stico resistente. El empaque contiene 25 piezas.<\/p>\n<\/div>","protected":false},"featured_media":1852,"template":"","meta":{"_bst_post_transparent":"default","_bst_post_title":"","_bst_post_layout":"default","_bst_post_sidebar_id":"","_bst_post_content_style":"default","_bst_post_vertical_padding":"default","_bst_post_feature":"","_bst_post_feature_position":"","_bst_post_header":false,"_bst_post_footer":false},"product_brand":[106],"product_cat":[108],"product_tag":[133],"product_brands":[],"class_list":{"0":"post-2084","1":"product","2":"type-product","3":"status-publish","4":"has-post-thumbnail","6":"product_brand-index-internacional","7":"product_cat-separador-universal","8":"product_tag-index-internacional","9":"pa_color_-blanco","11":"first","12":"instock","13":"shipping-taxable","14":"product-type-simple","15":"entry","16":"content-bg","17":"loop-entry"},"_links":{"self":[{"href":"https:\/\/www2.indexinternacional.com\/en\/wp-json\/wp\/v2\/product\/2084","targetHints":{"allow":["GET"]}}],"collection":[{"href":"https:\/\/www2.indexinternacional.com\/en\/wp-json\/wp\/v2\/product"}],"about":[{"href":"https:\/\/www2.indexinternacional.com\/en\/wp-json\/wp\/v2\/types\/product"}],"version-history":[{"count":2,"href":"https:\/\/www2.indexinternacional.com\/en\/wp-json\/wp\/v2\/product\/2084\/revisions"}],"predecessor-version":[{"id":2766,"href":"https:\/\/www2.indexinternacional.com\/en\/wp-json\/wp\/v2\/product\/2084\/revisions\/2766"}],"wp:featuredmedia":[{"embeddable":true,"href":"https:\/\/www2.indexinternacional.com\/en\/wp-json\/wp\/v2\/media\/1852"}],"wp:attachment":[{"href":"https:\/\/www2.indexinternacional.com\/en\/wp-json\/wp\/v2\/media?parent=2084"}],"wp:term":[{"taxonomy":"product_brand","embeddable":true,"href":"https:\/\/www2.indexinternacional.com\/en\/wp-json\/wp\/v2\/product_brand?post=2084"},{"taxonomy":"product_cat","embeddable":true,"href":"https:\/\/www2.indexinternacional.com\/en\/wp-json\/wp\/v2\/product_cat?post=2084"},{"taxonomy":"product_tag","embeddable":true,"href":"https:\/\/www2.indexinternacional.com\/en\/wp-json\/wp\/v2\/product_tag?post=2084"},{"taxonomy":"product_brands","embeddable":true,"href":"https:\/\/www2.indexinternacional.com\/en\/wp-json\/wp\/v2\/product_brands?post=2084"}],"curies":[{"name":"wp","href":"https:\/\/api.w.org\/{rel}","templated":true}]}}