{"id":2082,"date":"2025-08-29T12:19:34","date_gmt":"2025-08-29T12:19:34","guid":{"rendered":"https:\/\/index.local.spacework.com.mx\/?post_type=product&#038;p=2082"},"modified":"2025-12-02T18:06:49","modified_gmt":"2025-12-02T18:06:49","slug":"vidrio-block-circular-orbis-19-x-10-cm","status":"publish","type":"product","link":"https:\/\/indexinternacional.com\/en\/product\/vidrio-block-circular-orbis-19-x-10-cm\/","title":{"rendered":"VIDRIO BLOCK CIRCULAR ORBIS 19 x 10 CM"},"content":{"rendered":"<div class=\"MuiBox-root jss202 sc-hLBbgP bixWfG info-seccion-dos\">\n<div class=\"MuiBox-root jss203 sc-hLBbgP bixWfG\">\n<p class=\"MuiTypography-root sc-eDvSVe kBIVDt descripcion-informacion MuiTypography-body1\">Vidrio block orbis Index Internacional. Su forma circular es la soluci\u00f3n perfecta para agregar luz natural y estilo a entrepisos, tragaluces, domos, muros, aceras, patios, pasarelas y m\u00e1s. Su dise\u00f1o adaptable le permite cambiar el acabado transl\u00facido a satinado con tan solo lijar cualquiera de sus caras, otorgando privacidad al instante. Adem\u00e1s, es un excelente aislante ac\u00fastico y t\u00e9rmico para hacer del interior un espacio agradable. Sus medidas son 19 cm de di\u00e1metro por 10 cm de profundidad.<\/p>\n<p><img fetchpriority=\"high\" decoding=\"async\" class=\"aligncenter wp-image-3135 size-large\" src=\"https:\/\/index.local.spacework.com.mx\/wp-content\/uploads\/2025\/08\/156980-xd-1-819x1024.jpg\" alt=\"\" width=\"819\" height=\"1024\" srcset=\"https:\/\/indexinternacional.com\/wp-content\/uploads\/2025\/08\/156980-xd-1-819x1024.jpg 819w, https:\/\/indexinternacional.com\/wp-content\/uploads\/2025\/08\/156980-xd-1-240x300.jpg 240w, https:\/\/indexinternacional.com\/wp-content\/uploads\/2025\/08\/156980-xd-1-768x960.jpg 768w, https:\/\/indexinternacional.com\/wp-content\/uploads\/2025\/08\/156980-xd-1-10x12.jpg 10w, https:\/\/indexinternacional.com\/wp-content\/uploads\/2025\/08\/156980-xd-1.jpg 1200w\" sizes=\"(max-width: 819px) 100vw, 819px\" \/><\/p>\n<\/div>\n<\/div>","protected":false},"excerpt":{"rendered":"<div class=\"MuiBox-root jss281 sc-hLBbgP bixWfG sc-kxtuKG bGMrKQ\">\n<p class=\"MuiTypography-root sc-eDvSVe kBIVDt sc-gFmLcz fRHTBS MuiTypography-body1\">Vidrio block orbis Index internacional. Su forma circular es la soluci\u00f3n perfecta para agregar luz natural y estilo a entrepisos, tragaluces, domos, muros, aceras, patios y m\u00e1s. \u00datil como aislante ac\u00fastico y t\u00e9rmico, sus dimensiones son 19 x 10 cm.<\/p>\n<\/div>","protected":false},"featured_media":1838,"template":"","meta":{"_bst_post_transparent":"default","_bst_post_title":"","_bst_post_layout":"default","_bst_post_sidebar_id":"","_bst_post_content_style":"default","_bst_post_vertical_padding":"default","_bst_post_feature":"","_bst_post_feature_position":"","_bst_post_header":false,"_bst_post_footer":false},"product_brand":[131],"product_cat":[274],"product_tag":[132],"product_brands":[],"class_list":{"0":"post-2082","1":"product","2":"type-product","3":"status-publish","4":"has-post-thumbnail","6":"product_brand-marca-seves","7":"product_cat-vidrio-block-neutro","8":"product_tag-marca-seves","9":"pa_color_-transparente","11":"first","12":"instock","13":"shipping-taxable","14":"product-type-simple","15":"entry","16":"content-bg","17":"loop-entry"},"_links":{"self":[{"href":"https:\/\/indexinternacional.com\/en\/wp-json\/wp\/v2\/product\/2082","targetHints":{"allow":["GET"]}}],"collection":[{"href":"https:\/\/indexinternacional.com\/en\/wp-json\/wp\/v2\/product"}],"about":[{"href":"https:\/\/indexinternacional.com\/en\/wp-json\/wp\/v2\/types\/product"}],"version-history":[{"count":4,"href":"https:\/\/indexinternacional.com\/en\/wp-json\/wp\/v2\/product\/2082\/revisions"}],"predecessor-version":[{"id":3136,"href":"https:\/\/indexinternacional.com\/en\/wp-json\/wp\/v2\/product\/2082\/revisions\/3136"}],"wp:featuredmedia":[{"embeddable":true,"href":"https:\/\/indexinternacional.com\/en\/wp-json\/wp\/v2\/media\/1838"}],"wp:attachment":[{"href":"https:\/\/indexinternacional.com\/en\/wp-json\/wp\/v2\/media?parent=2082"}],"wp:term":[{"taxonomy":"product_brand","embeddable":true,"href":"https:\/\/indexinternacional.com\/en\/wp-json\/wp\/v2\/product_brand?post=2082"},{"taxonomy":"product_cat","embeddable":true,"href":"https:\/\/indexinternacional.com\/en\/wp-json\/wp\/v2\/product_cat?post=2082"},{"taxonomy":"product_tag","embeddable":true,"href":"https:\/\/indexinternacional.com\/en\/wp-json\/wp\/v2\/product_tag?post=2082"},{"taxonomy":"product_brands","embeddable":true,"href":"https:\/\/indexinternacional.com\/en\/wp-json\/wp\/v2\/product_brands?post=2082"}],"curies":[{"name":"wp","href":"https:\/\/api.w.org\/{rel}","templated":true}]}}