{"id":2071,"date":"2025-08-29T12:19:19","date_gmt":"2025-08-29T12:19:19","guid":{"rendered":"https:\/\/index.local.spacework.com.mx\/?post_type=product&#038;p=2071"},"modified":"2025-12-02T17:00:38","modified_gmt":"2025-12-02T17:00:38","slug":"vidrio-block-deco-rubi-19-x-19-x-8-cm-index","status":"publish","type":"product","link":"https:\/\/www2.indexinternacional.com\/en\/product\/vidrio-block-deco-rubi-19-x-19-x-8-cm-index\/","title":{"rendered":"VIDRIO BLOCK RUBI 19 x 19 x 8 CM"},"content":{"rendered":"<p>Vidrio block rubi Index Internacional que permite el paso de la luz a trav\u00e9s de muros, paredes, techos y losas tanto en espacios de interior o exterior. Es de f\u00e1cil instalaci\u00f3n, excelente ahorrador de energ\u00eda, aislante t\u00e9rmico y ac\u00fastico, resistente a cambios de temperatura y con resistencia al impacto. Hecho de vidrio con un elegante dise\u00f1o decorado en una de sus caras que lo hace atractivo para cualquier proyecto. Sus dimensiones son 19 x 19 x 8 cm.<\/p>\n<p><img fetchpriority=\"high\" decoding=\"async\" class=\"aligncenter wp-image-3099 size-large\" src=\"https:\/\/index.local.spacework.com.mx\/wp-content\/uploads\/2025\/08\/448191-xd-1-819x1024.jpg\" alt=\"\" width=\"819\" height=\"1024\" srcset=\"https:\/\/www2.indexinternacional.com\/wp-content\/uploads\/2025\/08\/448191-xd-1-819x1024.jpg 819w, https:\/\/www2.indexinternacional.com\/wp-content\/uploads\/2025\/08\/448191-xd-1-240x300.jpg 240w, https:\/\/www2.indexinternacional.com\/wp-content\/uploads\/2025\/08\/448191-xd-1-768x960.jpg 768w, https:\/\/www2.indexinternacional.com\/wp-content\/uploads\/2025\/08\/448191-xd-1-10x12.jpg 10w, https:\/\/www2.indexinternacional.com\/wp-content\/uploads\/2025\/08\/448191-xd-1.jpg 1200w\" sizes=\"(max-width: 819px) 100vw, 819px\" \/><\/p>","protected":false},"excerpt":{"rendered":"<p>Vidrio block decorado rubi Index Internacional que permite la entrada de luz natural a cualquier espacio interior o exterior como ventanas, muros, losa, piso, etc. Sus medidas son 19 x 19 x 8 cm.<\/p>","protected":false},"featured_media":1384,"template":"","meta":{"_bst_post_transparent":"default","_bst_post_title":"","_bst_post_layout":"default","_bst_post_sidebar_id":"","_bst_post_content_style":"default","_bst_post_vertical_padding":"default","_bst_post_feature":"","_bst_post_feature_position":"","_bst_post_header":false,"_bst_post_footer":false},"product_brand":[131],"product_cat":[276],"product_tag":[132],"product_brands":[],"class_list":{"0":"post-2071","1":"product","2":"type-product","3":"status-publish","4":"has-post-thumbnail","6":"product_brand-marca-seves","7":"product_cat-vidrio-block-decorado","8":"product_tag-marca-seves","9":"pa_color_-decorado","11":"first","12":"instock","13":"shipping-taxable","14":"product-type-simple","15":"entry","16":"content-bg","17":"loop-entry"},"_links":{"self":[{"href":"https:\/\/www2.indexinternacional.com\/en\/wp-json\/wp\/v2\/product\/2071","targetHints":{"allow":["GET"]}}],"collection":[{"href":"https:\/\/www2.indexinternacional.com\/en\/wp-json\/wp\/v2\/product"}],"about":[{"href":"https:\/\/www2.indexinternacional.com\/en\/wp-json\/wp\/v2\/types\/product"}],"version-history":[{"count":5,"href":"https:\/\/www2.indexinternacional.com\/en\/wp-json\/wp\/v2\/product\/2071\/revisions"}],"predecessor-version":[{"id":3100,"href":"https:\/\/www2.indexinternacional.com\/en\/wp-json\/wp\/v2\/product\/2071\/revisions\/3100"}],"wp:featuredmedia":[{"embeddable":true,"href":"https:\/\/www2.indexinternacional.com\/en\/wp-json\/wp\/v2\/media\/1384"}],"wp:attachment":[{"href":"https:\/\/www2.indexinternacional.com\/en\/wp-json\/wp\/v2\/media?parent=2071"}],"wp:term":[{"taxonomy":"product_brand","embeddable":true,"href":"https:\/\/www2.indexinternacional.com\/en\/wp-json\/wp\/v2\/product_brand?post=2071"},{"taxonomy":"product_cat","embeddable":true,"href":"https:\/\/www2.indexinternacional.com\/en\/wp-json\/wp\/v2\/product_cat?post=2071"},{"taxonomy":"product_tag","embeddable":true,"href":"https:\/\/www2.indexinternacional.com\/en\/wp-json\/wp\/v2\/product_tag?post=2071"},{"taxonomy":"product_brands","embeddable":true,"href":"https:\/\/www2.indexinternacional.com\/en\/wp-json\/wp\/v2\/product_brands?post=2071"}],"curies":[{"name":"wp","href":"https:\/\/api.w.org\/{rel}","templated":true}]}}