{"id":2065,"date":"2025-08-29T12:19:11","date_gmt":"2025-08-29T12:19:11","guid":{"rendered":"https:\/\/index.local.spacework.com.mx\/?post_type=product&#038;p=2065"},"modified":"2025-10-28T22:05:15","modified_gmt":"2025-10-28T22:05:15","slug":"escalerilla-para-vidrio-block-index-plata","status":"publish","type":"product","link":"https:\/\/indexinternacional.com\/en\/product\/escalerilla-para-vidrio-block-index-plata\/","title":{"rendered":"ESCALERILLA PARA VIDRIO BLOCK INDEX PLATA"},"content":{"rendered":"<div class=\"MuiBox-root jss211 sc-hLBbgP gEkxqw info-seccion-uno\">\n<div class=\"MuiBox-root jss282 sc-hLBbgP gEkxqw\">\n<p class=\"MuiTypography-root sc-eDvSVe kBIVDt descripcion-informacion MuiTypography-body1\">Escalerilla Index para vidrio block, su cuerpo est\u00e1 elaborado en acero inoxidable. Presenta solidez frente al desgaste, \u00fatil para reforzar instalaciones con mortero. Su colocaci\u00f3n horizontal requiere montaje, el vidrioblock tendr\u00e1 mejor fijaci\u00f3n en instalaciones en espacios de interior o exterior. Sus dimensiones son 91.6 x 3.4 x .5 cm.<\/p>\n<\/div>\n<\/div>","protected":false},"excerpt":{"rendered":"<div class=\"MuiBox-root jss301 sc-hLBbgP gEkxqw sc-kxtuKG bGMrKQ\">\n<p class=\"MuiTypography-root sc-eDvSVe kBIVDt sc-gFmLcz fRHTBS MuiTypography-body1\">Escalerilla Index es un accesorio de refuerzo de acero inoxidable para vidrioblock en instalaciones con mortero. Refuerza la instalaci\u00f3n de este mismo. Dimensiones de 91.6 x 3.4 x .5 cm.<\/p>\n<\/div>","protected":false},"featured_media":1790,"template":"","meta":{"_bst_post_transparent":"default","_bst_post_title":"","_bst_post_layout":"default","_bst_post_sidebar_id":"","_bst_post_content_style":"default","_bst_post_vertical_padding":"default","_bst_post_feature":"","_bst_post_feature_position":"","_bst_post_header":false,"_bst_post_footer":false},"product_brand":[131],"product_cat":[114],"product_tag":[132],"product_brands":[],"class_list":{"0":"post-2065","1":"product","2":"type-product","3":"status-publish","4":"has-post-thumbnail","6":"product_brand-marca-seves","7":"product_cat-escalerilla","8":"product_tag-marca-seves","9":"pa_color_-plata","11":"first","12":"instock","13":"shipping-taxable","14":"product-type-simple","15":"entry","16":"content-bg","17":"loop-entry"},"_links":{"self":[{"href":"https:\/\/indexinternacional.com\/en\/wp-json\/wp\/v2\/product\/2065","targetHints":{"allow":["GET"]}}],"collection":[{"href":"https:\/\/indexinternacional.com\/en\/wp-json\/wp\/v2\/product"}],"about":[{"href":"https:\/\/indexinternacional.com\/en\/wp-json\/wp\/v2\/types\/product"}],"version-history":[{"count":2,"href":"https:\/\/indexinternacional.com\/en\/wp-json\/wp\/v2\/product\/2065\/revisions"}],"predecessor-version":[{"id":2788,"href":"https:\/\/indexinternacional.com\/en\/wp-json\/wp\/v2\/product\/2065\/revisions\/2788"}],"wp:featuredmedia":[{"embeddable":true,"href":"https:\/\/indexinternacional.com\/en\/wp-json\/wp\/v2\/media\/1790"}],"wp:attachment":[{"href":"https:\/\/indexinternacional.com\/en\/wp-json\/wp\/v2\/media?parent=2065"}],"wp:term":[{"taxonomy":"product_brand","embeddable":true,"href":"https:\/\/indexinternacional.com\/en\/wp-json\/wp\/v2\/product_brand?post=2065"},{"taxonomy":"product_cat","embeddable":true,"href":"https:\/\/indexinternacional.com\/en\/wp-json\/wp\/v2\/product_cat?post=2065"},{"taxonomy":"product_tag","embeddable":true,"href":"https:\/\/indexinternacional.com\/en\/wp-json\/wp\/v2\/product_tag?post=2065"},{"taxonomy":"product_brands","embeddable":true,"href":"https:\/\/indexinternacional.com\/en\/wp-json\/wp\/v2\/product_brands?post=2065"}],"curies":[{"name":"wp","href":"https:\/\/api.w.org\/{rel}","templated":true}]}}